{"id":129,"date":"2018-04-09T05:54:05","date_gmt":"2018-04-09T05:54:05","guid":{"rendered":"http:\/\/www.najakcia.sk\/?page_id=129"},"modified":"2022-09-06T14:05:57","modified_gmt":"2022-09-06T14:05:57","slug":"otvaracie-hodiny","status":"publish","type":"page","link":"http:\/\/www.najakcia.sk\/?page_id=129","title":{"rendered":"Otv\u00e1racie hodiny"},"content":{"rendered":"\t\t<div data-elementor-type=\"wp-post\" data-elementor-id=\"129\" class=\"elementor elementor-129\">\n\t\t\t\t\t\t\t\t\t<section class=\"elementor-section elementor-top-section elementor-element elementor-element-44aac4f3 elementor-section-boxed elementor-section-height-default elementor-section-height-default\" data-id=\"44aac4f3\" data-element_type=\"section\" data-settings=\"{&quot;background_background&quot;:&quot;classic&quot;,&quot;shape_divider_bottom&quot;:&quot;curve&quot;,&quot;shape_divider_bottom_negative&quot;:&quot;yes&quot;}\">\n\t\t\t\t\t\t\t<div class=\"elementor-background-overlay\"><\/div>\n\t\t\t\t\t\t<div class=\"elementor-shape elementor-shape-bottom\" data-negative=\"true\">\n\t\t\t<svg xmlns=\"http:\/\/www.w3.org\/2000\/svg\" viewBox=\"0 0 1000 100\" preserveAspectRatio=\"none\">\n\t<path class=\"elementor-shape-fill\" d=\"M500,97C126.7,96.3,0.8,19.8,0,0v100l1000,0V1C1000,19.4,873.3,97.8,500,97z\"\/>\n<\/svg>\t\t<\/div>\n\t\t\t\t\t<div class=\"elementor-container elementor-column-gap-default\">\n\t\t\t\t\t<div class=\"elementor-column elementor-col-100 elementor-top-column elementor-element elementor-element-5266a436\" data-id=\"5266a436\" data-element_type=\"column\">\n\t\t\t<div class=\"elementor-widget-wrap elementor-element-populated\">\n\t\t\t\t\t\t\t\t<div class=\"elementor-element elementor-element-431a6c37 elementor-widget elementor-widget-heading\" data-id=\"431a6c37\" data-element_type=\"widget\" data-widget_type=\"heading.default\">\n\t\t\t\t<div class=\"elementor-widget-container\">\n\t\t\t<style>\/*! elementor - v3.16.0 - 12-09-2023 *\/\n.elementor-heading-title{padding:0;margin:0;line-height:1}.elementor-widget-heading .elementor-heading-title[class*=elementor-size-]>a{color:inherit;font-size:inherit;line-height:inherit}.elementor-widget-heading .elementor-heading-title.elementor-size-small{font-size:15px}.elementor-widget-heading .elementor-heading-title.elementor-size-medium{font-size:19px}.elementor-widget-heading .elementor-heading-title.elementor-size-large{font-size:29px}.elementor-widget-heading .elementor-heading-title.elementor-size-xl{font-size:39px}.elementor-widget-heading .elementor-heading-title.elementor-size-xxl{font-size:59px}<\/style><h2 class=\"elementor-heading-title elementor-size-default\">Partneri<\/h2>\t\t<\/div>\n\t\t\t\t<\/div>\n\t\t\t\t\t<\/div>\n\t\t<\/div>\n\t\t\t\t\t\t\t<\/div>\n\t\t<\/section>\n\t\t\t\t<section class=\"elementor-section elementor-top-section elementor-element elementor-element-7e433710 elementor-section-boxed elementor-section-height-default elementor-section-height-default\" data-id=\"7e433710\" data-element_type=\"section\">\n\t\t\t\t\t\t<div class=\"elementor-container elementor-column-gap-wide\">\n\t\t\t\t\t<div class=\"elementor-column elementor-col-33 elementor-top-column elementor-element elementor-element-46c844da\" data-id=\"46c844da\" data-element_type=\"column\">\n\t\t\t<div class=\"elementor-widget-wrap elementor-element-populated\">\n\t\t\t\t\t\t\t\t<div class=\"elementor-element elementor-element-4bbda251 elementor-view-default elementor-position-top elementor-mobile-position-top elementor-widget elementor-widget-icon-box\" data-id=\"4bbda251\" data-element_type=\"widget\" data-widget_type=\"icon-box.default\">\n\t\t\t\t<div class=\"elementor-widget-container\">\n\t\t\t<link rel=\"stylesheet\" href=\"http:\/\/www.najakcia.sk\/wp-content\/plugins\/elementor\/assets\/css\/widget-icon-box.min.css\">\t\t<div class=\"elementor-icon-box-wrapper\">\n\t\t\t\t\t\t<div class=\"elementor-icon-box-icon\">\n\t\t\t\t<a href=\"http:\/\/www.amnet.sk\" target=\"_blank\" class=\"elementor-icon elementor-animation-\" tabindex=\"-1\">\n\t\t\t\t<i class=\"fa fa-angle-double-down\" aria-hidden=\"true\"><\/i>\t\t\t\t<\/a>\n\t\t\t<\/div>\n\t\t\t\t\t\t<div class=\"elementor-icon-box-content\">\n\t\t\t\t<h1 class=\"elementor-icon-box-title\">\n\t\t\t\t\t<a href=\"http:\/\/www.amnet.sk\" target=\"_blank\" >\n\t\t\t\t\t\tAMNET\t\t\t\t\t<\/a>\n\t\t\t\t<\/h1>\n\t\t\t\t\t\t\t\t\t<p class=\"elementor-icon-box-description\">\n\t\t\t\t\t\tAMNET s.r.o.\nwww.amnet.sk\t\t\t\t\t<\/p>\n\t\t\t\t\t\t\t<\/div>\n\t\t<\/div>\n\t\t\t\t<\/div>\n\t\t\t\t<\/div>\n\t\t\t\t\t<\/div>\n\t\t<\/div>\n\t\t\t\t<div class=\"elementor-column elementor-col-33 elementor-top-column elementor-element elementor-element-35dadaf6\" data-id=\"35dadaf6\" data-element_type=\"column\">\n\t\t\t<div class=\"elementor-widget-wrap elementor-element-populated\">\n\t\t\t\t\t\t\t\t<div class=\"elementor-element elementor-element-176a95c0 elementor-view-default elementor-position-top elementor-mobile-position-top elementor-widget elementor-widget-icon-box\" data-id=\"176a95c0\" data-element_type=\"widget\" data-widget_type=\"icon-box.default\">\n\t\t\t\t<div class=\"elementor-widget-container\">\n\t\t\t\t\t<div class=\"elementor-icon-box-wrapper\">\n\t\t\t\t\t\t<div class=\"elementor-icon-box-icon\">\n\t\t\t\t<a href=\"http:\/\/www.svet-it.sk\" class=\"elementor-icon elementor-animation-\" tabindex=\"-1\">\n\t\t\t\t<i class=\"fa fa-angle-double-down\" aria-hidden=\"true\"><\/i>\t\t\t\t<\/a>\n\t\t\t<\/div>\n\t\t\t\t\t\t<div class=\"elementor-icon-box-content\">\n\t\t\t\t<h1 class=\"elementor-icon-box-title\">\n\t\t\t\t\t<a href=\"http:\/\/www.svet-it.sk\" >\n\t\t\t\t\t\tSVET-IT\t\t\t\t\t<\/a>\n\t\t\t\t<\/h1>\n\t\t\t\t\t\t\t\t\t<p class=\"elementor-icon-box-description\">\n\t\t\t\t\t\tServis PC\nwww.svet-it.sk\n\t\t\t\t\t<\/p>\n\t\t\t\t\t\t\t<\/div>\n\t\t<\/div>\n\t\t\t\t<\/div>\n\t\t\t\t<\/div>\n\t\t\t\t\t<\/div>\n\t\t<\/div>\n\t\t\t\t<div class=\"elementor-column elementor-col-33 elementor-top-column elementor-element elementor-element-7cc46a6b\" data-id=\"7cc46a6b\" data-element_type=\"column\">\n\t\t\t<div class=\"elementor-widget-wrap elementor-element-populated\">\n\t\t\t\t\t\t\t\t<div class=\"elementor-element elementor-element-3f2522bb elementor-view-default elementor-position-top elementor-mobile-position-top elementor-widget elementor-widget-icon-box\" data-id=\"3f2522bb\" data-element_type=\"widget\" data-widget_type=\"icon-box.default\">\n\t\t\t\t<div class=\"elementor-widget-container\">\n\t\t\t\t\t<div class=\"elementor-icon-box-wrapper\">\n\t\t\t\t\t\t<div class=\"elementor-icon-box-icon\">\n\t\t\t\t<a href=\"http:\/\/www.lokalizator.sk\" class=\"elementor-icon elementor-animation-\" tabindex=\"-1\">\n\t\t\t\t<i class=\"fa fa-angle-double-down\" aria-hidden=\"true\"><\/i>\t\t\t\t<\/a>\n\t\t\t<\/div>\n\t\t\t\t\t\t<div class=\"elementor-icon-box-content\">\n\t\t\t\t<h1 class=\"elementor-icon-box-title\">\n\t\t\t\t\t<a href=\"http:\/\/www.lokalizator.sk\" >\n\t\t\t\t\t\tE-SHOP\t\t\t\t\t<\/a>\n\t\t\t\t<\/h1>\n\t\t\t\t\t\t\t\t\t<p class=\"elementor-icon-box-description\">\n\t\t\t\t\t\twww.lokalizator.sk\t\t\t\t\t<\/p>\n\t\t\t\t\t\t\t<\/div>\n\t\t<\/div>\n\t\t\t\t<\/div>\n\t\t\t\t<\/div>\n\t\t\t\t\t<\/div>\n\t\t<\/div>\n\t\t\t\t\t\t\t<\/div>\n\t\t<\/section>\n\t\t\t\t<section class=\"elementor-section elementor-top-section elementor-element elementor-element-5ca81780 elementor-section-boxed elementor-section-height-default elementor-section-height-default\" data-id=\"5ca81780\" data-element_type=\"section\" data-settings=\"{&quot;background_background&quot;:&quot;classic&quot;}\">\n\t\t\t\t\t\t<div class=\"elementor-container elementor-column-gap-wide\">\n\t\t\t\t\t<div class=\"elementor-column elementor-col-100 elementor-top-column elementor-element elementor-element-740a873f\" data-id=\"740a873f\" data-element_type=\"column\">\n\t\t\t<div class=\"elementor-widget-wrap elementor-element-populated\">\n\t\t\t\t\t\t\t\t<div class=\"elementor-element elementor-element-36228724 elementor-widget elementor-widget-heading\" data-id=\"36228724\" data-element_type=\"widget\" data-widget_type=\"heading.default\">\n\t\t\t\t<div class=\"elementor-widget-container\">\n\t\t\t<h3 class=\"elementor-heading-title elementor-size-default\">Otv\u00e1racie hodiny &amp; info<\/h3>\t\t<\/div>\n\t\t\t\t<\/div>\n\t\t\t\t<div class=\"elementor-element elementor-element-ee19d68 elementor-view-default elementor-widget elementor-widget-icon\" data-id=\"ee19d68\" data-element_type=\"widget\" data-widget_type=\"icon.default\">\n\t\t\t\t<div class=\"elementor-widget-container\">\n\t\t\t\t\t<div class=\"elementor-icon-wrapper\">\n\t\t\t<div class=\"elementor-icon\">\n\t\t\t\t\t\t\t<i class=\"fa fa-info-circle\" aria-hidden=\"true\"><\/i>\n\t\t\t\t\t\t<\/div>\n\t\t<\/div>\n\t\t\t\t<\/div>\n\t\t\t\t<\/div>\n\t\t\t\t<section class=\"elementor-section elementor-inner-section elementor-element elementor-element-4f892dab elementor-section-boxed elementor-section-height-default elementor-section-height-default\" data-id=\"4f892dab\" data-element_type=\"section\">\n\t\t\t\t\t\t<div class=\"elementor-container elementor-column-gap-default\">\n\t\t\t\t\t<div class=\"elementor-column elementor-col-50 elementor-inner-column elementor-element elementor-element-58e45b98\" data-id=\"58e45b98\" data-element_type=\"column\">\n\t\t\t<div class=\"elementor-widget-wrap elementor-element-populated\">\n\t\t\t\t\t\t\t\t<div class=\"elementor-element elementor-element-130e0935 elementor-widget elementor-widget-text-editor\" data-id=\"130e0935\" data-element_type=\"widget\" data-widget_type=\"text-editor.default\">\n\t\t\t\t<div class=\"elementor-widget-container\">\n\t\t\t<style>\/*! elementor - v3.16.0 - 12-09-2023 *\/\n.elementor-widget-text-editor.elementor-drop-cap-view-stacked .elementor-drop-cap{background-color:#69727d;color:#fff}.elementor-widget-text-editor.elementor-drop-cap-view-framed .elementor-drop-cap{color:#69727d;border:3px solid;background-color:transparent}.elementor-widget-text-editor:not(.elementor-drop-cap-view-default) .elementor-drop-cap{margin-top:8px}.elementor-widget-text-editor:not(.elementor-drop-cap-view-default) .elementor-drop-cap-letter{width:1em;height:1em}.elementor-widget-text-editor .elementor-drop-cap{float:left;text-align:center;line-height:1;font-size:50px}.elementor-widget-text-editor .elementor-drop-cap-letter{display:inline-block}<\/style>\t\t\t\t<p>Pondelok: 8:00 &#8211; 16:00<\/p><p><br \/> Utorok: 8:00 &#8211; 16:00<\/p><p><br \/> Streda: 8:00 &#8211; 16:00<\/p><p><br \/> \u0160tvrtok: 8:00 &#8211; 16:00<\/p><p><br \/> Piatok: 8:00 -16:00<\/p><p><br \/> Sobota: -zatvoren\u00e9-<\/p><p><br \/> Nede\u013ea: -zatvoren\u00e9-<\/p>\t\t\t\t\t\t<\/div>\n\t\t\t\t<\/div>\n\t\t\t\t\t<\/div>\n\t\t<\/div>\n\t\t\t\t<div class=\"elementor-column elementor-col-50 elementor-inner-column elementor-element elementor-element-b339528\" data-id=\"b339528\" data-element_type=\"column\">\n\t\t\t<div class=\"elementor-widget-wrap elementor-element-populated\">\n\t\t\t\t\t\t\t\t<div class=\"elementor-element elementor-element-0c4b427 elementor-widget elementor-widget-google_maps\" data-id=\"0c4b427\" data-element_type=\"widget\" data-widget_type=\"google_maps.default\">\n\t\t\t\t<div class=\"elementor-widget-container\">\n\t\t\t<style>\/*! elementor - v3.16.0 - 12-09-2023 *\/\n.elementor-widget-google_maps .elementor-widget-container{overflow:hidden}.elementor-widget-google_maps .elementor-custom-embed{line-height:0}.elementor-widget-google_maps iframe{height:300px}<\/style>\t\t<div class=\"elementor-custom-embed\">\n\t\t\t<iframe loading=\"lazy\"\n\t\t\t\t\tsrc=\"https:\/\/maps.google.com\/maps?q=Bojnick%C3%A1%2010&#038;t=m&#038;z=14&#038;output=embed&#038;iwloc=near\"\n\t\t\t\t\ttitle=\"Bojnick\u00e1 10\"\n\t\t\t\t\taria-label=\"Bojnick\u00e1 10\"\n\t\t\t><\/iframe>\n\t\t<\/div>\n\t\t\t\t<\/div>\n\t\t\t\t<\/div>\n\t\t\t\t\t<\/div>\n\t\t<\/div>\n\t\t\t\t\t\t\t<\/div>\n\t\t<\/section>\n\t\t\t\t\t<\/div>\n\t\t<\/div>\n\t\t\t\t\t\t\t<\/div>\n\t\t<\/section>\n\t\t\t\t<section class=\"elementor-section elementor-top-section elementor-element elementor-element-a1047ca elementor-section-boxed elementor-section-height-default elementor-section-height-default\" data-id=\"a1047ca\" data-element_type=\"section\" data-settings=\"{&quot;background_background&quot;:&quot;classic&quot;,&quot;shape_divider_top&quot;:&quot;curve&quot;,&quot;shape_divider_top_negative&quot;:&quot;yes&quot;}\">\n\t\t\t\t\t\t\t<div class=\"elementor-background-overlay\"><\/div>\n\t\t\t\t\t\t<div class=\"elementor-shape elementor-shape-top\" data-negative=\"true\">\n\t\t\t<svg xmlns=\"http:\/\/www.w3.org\/2000\/svg\" viewBox=\"0 0 1000 100\" preserveAspectRatio=\"none\">\n\t<path class=\"elementor-shape-fill\" d=\"M500,97C126.7,96.3,0.8,19.8,0,0v100l1000,0V1C1000,19.4,873.3,97.8,500,97z\"\/>\n<\/svg>\t\t<\/div>\n\t\t\t\t\t<div class=\"elementor-container elementor-column-gap-default\">\n\t\t\t\t\t<div class=\"elementor-column elementor-col-100 elementor-top-column elementor-element elementor-element-11ff5aab\" data-id=\"11ff5aab\" data-element_type=\"column\">\n\t\t\t<div class=\"elementor-widget-wrap\">\n\t\t\t\t\t\t\t\t\t<\/div>\n\t\t<\/div>\n\t\t\t\t\t\t\t<\/div>\n\t\t<\/section>\n\t\t\t\t<section class=\"elementor-section elementor-top-section elementor-element elementor-element-3110312e elementor-section-boxed elementor-section-height-default elementor-section-height-default\" data-id=\"3110312e\" data-element_type=\"section\" data-settings=\"{&quot;background_background&quot;:&quot;none&quot;}\">\n\t\t\t\t\t\t<div class=\"elementor-container elementor-column-gap-default\">\n\t\t\t\t\t<div class=\"elementor-column elementor-col-100 elementor-top-column elementor-element elementor-element-744c8be7\" data-id=\"744c8be7\" data-element_type=\"column\">\n\t\t\t<div class=\"elementor-widget-wrap\">\n\t\t\t\t\t\t\t\t\t<\/div>\n\t\t<\/div>\n\t\t\t\t\t\t\t<\/div>\n\t\t<\/section>\n\t\t\t\t\t\t\t<\/div>\n\t\t","protected":false},"excerpt":{"rendered":"<p>Partneri AMNET AMNET s.r.o. www.amnet.sk SVET-IT Servis PC www.svet-it.sk E-SHOP www.lokalizator.sk Otv\u00e1racie hodiny &amp; info Pondelok: 8:00 &#8211; 16:00 Utorok: 8:00 &#8211; 16:00 Streda: 8:00 &#8211; 16:00 \u0160tvrtok: 8:00 &#8211; 16:00 Piatok: 8:00 -16:00 Sobota: -zatvoren\u00e9- Nede\u013ea: -zatvoren\u00e9-<\/p>\n","protected":false},"author":1,"featured_media":0,"parent":0,"menu_order":0,"comment_status":"closed","ping_status":"closed","template":"","meta":{"jetpack_post_was_ever_published":false,"footnotes":""},"jetpack_sharing_enabled":true,"jetpack_shortlink":"https:\/\/wp.me\/P9Oc4Q-25","jetpack-related-posts":[{"id":84,"url":"http:\/\/www.najakcia.sk\/?page_id=84","url_meta":{"origin":129,"position":0},"title":"Obchodn\u00e9 podmienky","author":"admin","date":"6 apr\u00edla, 2018","format":false,"excerpt":"V\u0161eobecn\u00e9 ustanovenia 1.1. Tieto v\u0161eobecn\u00e9 obchodn\u00e9 podmienky (\u010falej len \u201eVOP\u201c) \u00a0upravuj\u00fa pr\u00e1va a\u00a0povinnosti zmluvn\u00fdch str\u00e1n vypl\u00fdvaj\u00face z k\u00fapnej zmluvy uzatvorenej medzi pred\u00e1vaj\u00facim, ktor\u00fdm je spolo\u010dnost AMNET s.r.o., so s\u00eddlom Siladick\u00e1 11, Z\u00e1lesie, 900 28, I\u010cO: 44221061, zap\u00edsan\u00e1 v obchodnom registri Okresn\u00e9ho s\u00fadu Bratislava I, oddiel: Sro, vlo\u017eka \u010d.: 52911\/b (\u010falej\u2026","rel":"","context":"Podobn\u00fd pr\u00edspevok","block_context":{"text":"Podobn\u00fd pr\u00edspevok","link":""},"img":{"alt_text":"","src":"","width":0,"height":0},"classes":[]},{"id":87,"url":"http:\/\/www.najakcia.sk\/?page_id=87","url_meta":{"origin":129,"position":1},"title":"Reklam\u00e1cia","author":"admin","date":"6 apr\u00edla, 2018","format":false,"excerpt":"Reklama\u010dn\u00fd poriadok (zodpovednos\u0165 za vady, z\u00e1ruka, reklam\u00e1cie) 8.1. V\u0161etky z\u00e1ru\u010dn\u00e9 reklam\u00e1cie, kde sa z\u00e1vada prejav\u00ed do 30 dn\u00ed od prevzatia tovaru rie\u0161ime v\u00fdmenou tovaru za nov\u00fd kus. Pokia\u013e tovar nie je v dan\u00fd moment na sklade, bude V\u00e1m v najkrat\u0161om mo\u017enom term\u00edne objednan\u00fd alebo V\u00e1m umo\u017en\u00edme v\u00fdber in\u00e9ho tovaru v\u2026","rel":"","context":"Podobn\u00fd pr\u00edspevok","block_context":{"text":"Podobn\u00fd pr\u00edspevok","link":""},"img":{"alt_text":"","src":"","width":0,"height":0},"classes":[]}],"_links":{"self":[{"href":"http:\/\/www.najakcia.sk\/index.php?rest_route=\/wp\/v2\/pages\/129"}],"collection":[{"href":"http:\/\/www.najakcia.sk\/index.php?rest_route=\/wp\/v2\/pages"}],"about":[{"href":"http:\/\/www.najakcia.sk\/index.php?rest_route=\/wp\/v2\/types\/page"}],"author":[{"embeddable":true,"href":"http:\/\/www.najakcia.sk\/index.php?rest_route=\/wp\/v2\/users\/1"}],"replies":[{"embeddable":true,"href":"http:\/\/www.najakcia.sk\/index.php?rest_route=%2Fwp%2Fv2%2Fcomments&post=129"}],"version-history":[{"count":7,"href":"http:\/\/www.najakcia.sk\/index.php?rest_route=\/wp\/v2\/pages\/129\/revisions"}],"predecessor-version":[{"id":316,"href":"http:\/\/www.najakcia.sk\/index.php?rest_route=\/wp\/v2\/pages\/129\/revisions\/316"}],"wp:attachment":[{"href":"http:\/\/www.najakcia.sk\/index.php?rest_route=%2Fwp%2Fv2%2Fmedia&parent=129"}],"curies":[{"name":"wp","href":"https:\/\/api.w.org\/{rel}","templated":true}]}}