{"id":5,"date":"2018-04-06T09:08:37","date_gmt":"2018-04-06T09:08:37","guid":{"rendered":"http:\/\/www.najakcia.sk\/?page_id=5"},"modified":"2018-04-06T09:08:37","modified_gmt":"2018-04-06T09:08:37","slug":"cart","status":"publish","type":"page","link":"http:\/\/www.najakcia.sk\/?page_id=5","title":{"rendered":"Cart"},"content":{"rendered":"<div class=\"woocommerce\"><div class=\"woocommerce-notices-wrapper\"><\/div><div class=\"wc-empty-cart-message\">\n\t<div class=\"cart-empty woocommerce-info\">\n\t\tV\u00e1\u0161 ko\u0161\u00edk je pr\u00e1zdny.\t<\/div>\n<\/div>\t<p class=\"return-to-shop\">\n\t\t<a class=\"button wc-backward\" href=\"http:\/\/www.najakcia.sk\/\">\n\t\t\tVr\u00e1ti\u0165 sa do obchodu\t\t<\/a>\n\t<\/p>\n<\/div>\n","protected":false},"excerpt":{"rendered":"","protected":false},"author":1,"featured_media":0,"parent":0,"menu_order":0,"comment_status":"closed","ping_status":"closed","template":"","meta":{"jetpack_post_was_ever_published":false,"footnotes":""},"jetpack_sharing_enabled":true,"jetpack_shortlink":"https:\/\/wp.me\/P9Oc4Q-5","jetpack-related-posts":[],"_links":{"self":[{"href":"http:\/\/www.najakcia.sk\/index.php?rest_route=\/wp\/v2\/pages\/5"}],"collection":[{"href":"http:\/\/www.najakcia.sk\/index.php?rest_route=\/wp\/v2\/pages"}],"about":[{"href":"http:\/\/www.najakcia.sk\/index.php?rest_route=\/wp\/v2\/types\/page"}],"author":[{"embeddable":true,"href":"http:\/\/www.najakcia.sk\/index.php?rest_route=\/wp\/v2\/users\/1"}],"replies":[{"embeddable":true,"href":"http:\/\/www.najakcia.sk\/index.php?rest_route=%2Fwp%2Fv2%2Fcomments&post=5"}],"version-history":[{"count":0,"href":"http:\/\/www.najakcia.sk\/index.php?rest_route=\/wp\/v2\/pages\/5\/revisions"}],"wp:attachment":[{"href":"http:\/\/www.najakcia.sk\/index.php?rest_route=%2Fwp%2Fv2%2Fmedia&parent=5"}],"curies":[{"name":"wp","href":"https:\/\/api.w.org\/{rel}","templated":true}]}}