{"id":55,"date":"2018-04-06T10:37:25","date_gmt":"2018-04-06T10:37:25","guid":{"rendered":"http:\/\/www.najakcia.sk\/?page_id=55"},"modified":"2018-04-09T05:50:49","modified_gmt":"2018-04-09T05:50:49","slug":"klientske-centrum","status":"publish","type":"page","link":"http:\/\/www.najakcia.sk\/?page_id=55","title":{"rendered":"Klientsk\u00e9 centrum"},"content":{"rendered":"\t\t<div data-elementor-type=\"wp-post\" data-elementor-id=\"55\" class=\"elementor elementor-55 elementor-bc-flex-widget\">\n\t\t\t\t\t\t\t\t\t<section class=\"elementor-section elementor-top-section elementor-element elementor-element-10dba6b7 elementor-section-content-middle elementor-section-boxed elementor-section-height-default elementor-section-height-default\" data-id=\"10dba6b7\" data-element_type=\"section\">\n\t\t\t\t\t\t<div class=\"elementor-container elementor-column-gap-default\">\n\t\t\t\t\t<div class=\"elementor-column elementor-col-33 elementor-top-column elementor-element elementor-element-4b4b0b9c\" data-id=\"4b4b0b9c\" data-element_type=\"column\">\n\t\t\t<div class=\"elementor-widget-wrap elementor-element-populated\">\n\t\t\t\t\t\t\t\t<div class=\"elementor-element elementor-element-86b350c elementor-widget elementor-widget-image\" data-id=\"86b350c\" data-element_type=\"widget\" data-widget_type=\"image.default\">\n\t\t\t\t<div class=\"elementor-widget-container\">\n\t\t\t<style>\/*! elementor - v3.16.0 - 12-09-2023 *\/\n.elementor-widget-image{text-align:center}.elementor-widget-image a{display:inline-block}.elementor-widget-image a img[src$=\".svg\"]{width:48px}.elementor-widget-image img{vertical-align:middle;display:inline-block}<\/style>\t\t\t\t\t\t\t\t\t\t\t\t\t<a href=\"http:\/\/www.najakcia.sk\">\n\t\t\t\t\t\t\t<img decoding=\"async\" src=\"https:\/\/i0.wp.com\/www.najakcia.sk\/wp-content\/uploads\/2018\/04\/najakcialogooo.png?resize=100%2C100\" title=\"www.najakcia.sk\" alt=\"www.najakcia.sk\" class=\"elementor-animation-wobble-vertical\" loading=\"lazy\" data-recalc-dims=\"1\" \/>\t\t\t\t\t\t\t\t<\/a>\n\t\t\t\t\t\t\t\t\t\t\t\t\t\t\t<\/div>\n\t\t\t\t<\/div>\n\t\t\t\t\t<\/div>\n\t\t<\/div>\n\t\t\t\t<div class=\"elementor-column elementor-col-33 elementor-top-column elementor-element elementor-element-5a85e513\" data-id=\"5a85e513\" data-element_type=\"column\">\n\t\t\t<div class=\"elementor-widget-wrap elementor-element-populated\">\n\t\t\t\t\t\t\t\t<div class=\"elementor-element elementor-element-66e515cf elementor-widget elementor-widget-heading\" data-id=\"66e515cf\" data-element_type=\"widget\" data-widget_type=\"heading.default\">\n\t\t\t\t<div class=\"elementor-widget-container\">\n\t\t\t<style>\/*! elementor - v3.16.0 - 12-09-2023 *\/\n.elementor-heading-title{padding:0;margin:0;line-height:1}.elementor-widget-heading .elementor-heading-title[class*=elementor-size-]>a{color:inherit;font-size:inherit;line-height:inherit}.elementor-widget-heading .elementor-heading-title.elementor-size-small{font-size:15px}.elementor-widget-heading .elementor-heading-title.elementor-size-medium{font-size:19px}.elementor-widget-heading .elementor-heading-title.elementor-size-large{font-size:29px}.elementor-widget-heading .elementor-heading-title.elementor-size-xl{font-size:39px}.elementor-widget-heading .elementor-heading-title.elementor-size-xxl{font-size:59px}<\/style><h2 class=\"elementor-heading-title elementor-size-xxl\">M\u00e1te ot\u00e1zku? Zavolajte n\u00e1m!<\/h2>\t\t<\/div>\n\t\t\t\t<\/div>\n\t\t\t\t\t<\/div>\n\t\t<\/div>\n\t\t\t\t<div class=\"elementor-column elementor-col-33 elementor-top-column elementor-element elementor-element-7c62e6d7\" data-id=\"7c62e6d7\" data-element_type=\"column\">\n\t\t\t<div class=\"elementor-widget-wrap elementor-element-populated\">\n\t\t\t\t\t\t\t\t<div class=\"elementor-element elementor-element-1d2fff3c elementor-widget elementor-widget-heading\" data-id=\"1d2fff3c\" data-element_type=\"widget\" data-widget_type=\"heading.default\">\n\t\t\t\t<div class=\"elementor-widget-container\">\n\t\t\t<p class=\"elementor-heading-title elementor-size-small\"><a href=\"http:\/\/www.najakcia.sk\">02\/321 99 088<\/a><\/p>\t\t<\/div>\n\t\t\t\t<\/div>\n\t\t\t\t\t<\/div>\n\t\t<\/div>\n\t\t\t\t\t\t\t<\/div>\n\t\t<\/section>\n\t\t\t\t<section class=\"elementor-section elementor-top-section elementor-element elementor-element-5dd385b7 elementor-section-height-min-height elementor-section-boxed elementor-section-height-default elementor-section-items-middle\" data-id=\"5dd385b7\" data-element_type=\"section\" data-settings=\"{&quot;background_background&quot;:&quot;classic&quot;}\">\n\t\t\t\t\t\t\t<div class=\"elementor-background-overlay\"><\/div>\n\t\t\t\t\t\t\t<div class=\"elementor-container elementor-column-gap-default\">\n\t\t\t\t\t<div class=\"elementor-column elementor-col-100 elementor-top-column elementor-element elementor-element-6a67527b\" data-id=\"6a67527b\" data-element_type=\"column\">\n\t\t\t<div class=\"elementor-widget-wrap elementor-element-populated\">\n\t\t\t\t\t\t\t\t<div class=\"elementor-element elementor-element-9c15c94 elementor-widget elementor-widget-heading\" data-id=\"9c15c94\" data-element_type=\"widget\" data-widget_type=\"heading.default\">\n\t\t\t\t<div class=\"elementor-widget-container\">\n\t\t\t<h2 class=\"elementor-heading-title elementor-size-large\">Produkty za cenu, ktor\u00fa nikde inde nen\u00e1jdete!<\/h2>\t\t<\/div>\n\t\t\t\t<\/div>\n\t\t\t\t<div class=\"elementor-element elementor-element-3abe02c3 elementor-widget elementor-widget-text-editor\" data-id=\"3abe02c3\" data-element_type=\"widget\" data-widget_type=\"text-editor.default\">\n\t\t\t\t<div class=\"elementor-widget-container\">\n\t\t\t<style>\/*! elementor - v3.16.0 - 12-09-2023 *\/\n.elementor-widget-text-editor.elementor-drop-cap-view-stacked .elementor-drop-cap{background-color:#69727d;color:#fff}.elementor-widget-text-editor.elementor-drop-cap-view-framed .elementor-drop-cap{color:#69727d;border:3px solid;background-color:transparent}.elementor-widget-text-editor:not(.elementor-drop-cap-view-default) .elementor-drop-cap{margin-top:8px}.elementor-widget-text-editor:not(.elementor-drop-cap-view-default) .elementor-drop-cap-letter{width:1em;height:1em}.elementor-widget-text-editor .elementor-drop-cap{float:left;text-align:center;line-height:1;font-size:50px}.elementor-widget-text-editor .elementor-drop-cap-letter{display:inline-block}<\/style>\t\t\t\t\t\t\t\t\t\t<\/div>\n\t\t\t\t<\/div>\n\t\t\t\t<section class=\"elementor-section elementor-inner-section elementor-element elementor-element-64182261 elementor-section-boxed elementor-section-height-default elementor-section-height-default\" data-id=\"64182261\" data-element_type=\"section\">\n\t\t\t\t\t\t<div class=\"elementor-container elementor-column-gap-default\">\n\t\t\t\t\t<div class=\"elementor-column elementor-col-50 elementor-inner-column elementor-element elementor-element-205f3d2c\" data-id=\"205f3d2c\" data-element_type=\"column\" data-settings=\"{&quot;background_background&quot;:&quot;classic&quot;}\">\n\t\t\t<div class=\"elementor-widget-wrap elementor-element-populated\">\n\t\t\t\t\t\t\t\t<div class=\"elementor-element elementor-element-5fc188e7 elementor-widget elementor-widget-heading\" data-id=\"5fc188e7\" data-element_type=\"widget\" data-widget_type=\"heading.default\">\n\t\t\t\t<div class=\"elementor-widget-container\">\n\t\t\t<h2 class=\"elementor-heading-title elementor-size-large\"><a href=\"\/?page_id=84\">VOP<\/a><\/h2>\t\t<\/div>\n\t\t\t\t<\/div>\n\t\t\t\t<div class=\"elementor-element elementor-element-10dd0bda elementor-widget elementor-widget-heading\" data-id=\"10dd0bda\" data-element_type=\"widget\" data-widget_type=\"heading.default\">\n\t\t\t\t<div class=\"elementor-widget-container\">\n\t\t\t<h2 class=\"elementor-heading-title elementor-size-large\">V\u0161eobecn\u00e9 obchodn\u00e9 podmienky<\/h2>\t\t<\/div>\n\t\t\t\t<\/div>\n\t\t\t\t\t<\/div>\n\t\t<\/div>\n\t\t\t\t<div class=\"elementor-column elementor-col-50 elementor-inner-column elementor-element elementor-element-42fcc7b7\" data-id=\"42fcc7b7\" data-element_type=\"column\" data-settings=\"{&quot;background_background&quot;:&quot;classic&quot;}\">\n\t\t\t<div class=\"elementor-widget-wrap elementor-element-populated\">\n\t\t\t\t\t\t\t\t<div class=\"elementor-element elementor-element-3df6649a elementor-widget elementor-widget-heading\" data-id=\"3df6649a\" data-element_type=\"widget\" data-widget_type=\"heading.default\">\n\t\t\t\t<div class=\"elementor-widget-container\">\n\t\t\t<h2 class=\"elementor-heading-title elementor-size-large\"><a href=\"\/?page_id=87\">Reklam\u00e1cia<\/a><\/h2>\t\t<\/div>\n\t\t\t\t<\/div>\n\t\t\t\t<div class=\"elementor-element elementor-element-d44fc47 elementor-widget elementor-widget-heading\" data-id=\"d44fc47\" data-element_type=\"widget\" data-widget_type=\"heading.default\">\n\t\t\t\t<div class=\"elementor-widget-container\">\n\t\t\t<h2 class=\"elementor-heading-title elementor-size-large\">Reklama\u010dn\u00fd poriadok<\/h2>\t\t<\/div>\n\t\t\t\t<\/div>\n\t\t\t\t\t<\/div>\n\t\t<\/div>\n\t\t\t\t\t\t\t<\/div>\n\t\t<\/section>\n\t\t\t\t<div class=\"elementor-element elementor-element-1b2874df elementor-align-center elementor-widget elementor-widget-button\" data-id=\"1b2874df\" data-element_type=\"widget\" data-widget_type=\"button.default\">\n\t\t\t\t<div class=\"elementor-widget-container\">\n\t\t\t\t\t<div class=\"elementor-button-wrapper\">\n\t\t\t<a class=\"elementor-button elementor-button-link elementor-size-md elementor-animation-bounce-out\" href=\"\/\">\n\t\t\t\t\t\t<span class=\"elementor-button-content-wrapper\">\n\t\t\t\t\t\t<span class=\"elementor-button-text\">Prejs\u0165 do E-shopu<\/span>\n\t\t<\/span>\n\t\t\t\t\t<\/a>\n\t\t<\/div>\n\t\t\t\t<\/div>\n\t\t\t\t<\/div>\n\t\t\t\t<div class=\"elementor-element elementor-element-6451fffe elementor-widget elementor-widget-heading\" data-id=\"6451fffe\" data-element_type=\"widget\" data-widget_type=\"heading.default\">\n\t\t\t\t<div class=\"elementor-widget-container\">\n\t\t\t<h2 class=\"elementor-heading-title elementor-size-large\">www.najakcia.sk<\/h2>\t\t<\/div>\n\t\t\t\t<\/div>\n\t\t\t\t\t<\/div>\n\t\t<\/div>\n\t\t\t\t\t\t\t<\/div>\n\t\t<\/section>\n\t\t\t\t\t\t\t<\/div>\n\t\t","protected":false},"excerpt":{"rendered":"<p>M\u00e1te ot\u00e1zku? Zavolajte n\u00e1m! 02\/321 99 088 Produkty za cenu, ktor\u00fa nikde inde nen\u00e1jdete! VOP V\u0161eobecn\u00e9 obchodn\u00e9 podmienky Reklam\u00e1cia Reklama\u010dn\u00fd poriadok Prejs\u0165 do E-shopu www.najakcia.sk<\/p>\n","protected":false},"author":1,"featured_media":0,"parent":0,"menu_order":0,"comment_status":"closed","ping_status":"closed","template":"","meta":{"jetpack_post_was_ever_published":false,"footnotes":""},"jetpack_sharing_enabled":true,"jetpack_shortlink":"https:\/\/wp.me\/P9Oc4Q-T","jetpack-related-posts":[{"id":56,"url":"http:\/\/www.najakcia.sk\/?page_id=56","url_meta":{"origin":55,"position":0},"title":"Kontakt","author":"admin","date":"6 apr\u00edla, 2018","format":false,"excerpt":"Kontaktuj n\u00e1s Ak m\u00e1\u0161 ak\u00e9ko\u013evek ot\u00e1zky oh\u013eadom produktov, dopravy, alebo hoci\u010doho t\u00fdkaj\u00faceho sa na\u0161ej str\u00e1nky nap\u00ed\u0161 n\u00e1m!Web: www.najakcia.skTelef\u00f3n: 02\/ 321 99 088Kde s\u00eddlime:\u00a0Bojnick\u00e1 10, Bratislava","rel":"","context":"Podobn\u00fd pr\u00edspevok","block_context":{"text":"Podobn\u00fd pr\u00edspevok","link":""},"img":{"alt_text":"","src":"","width":0,"height":0},"classes":[]},{"id":84,"url":"http:\/\/www.najakcia.sk\/?page_id=84","url_meta":{"origin":55,"position":1},"title":"Obchodn\u00e9 podmienky","author":"admin","date":"6 apr\u00edla, 2018","format":false,"excerpt":"V\u0161eobecn\u00e9 ustanovenia 1.1. Tieto v\u0161eobecn\u00e9 obchodn\u00e9 podmienky (\u010falej len \u201eVOP\u201c) \u00a0upravuj\u00fa pr\u00e1va a\u00a0povinnosti zmluvn\u00fdch str\u00e1n vypl\u00fdvaj\u00face z k\u00fapnej zmluvy uzatvorenej medzi pred\u00e1vaj\u00facim, ktor\u00fdm je spolo\u010dnost AMNET s.r.o., so s\u00eddlom Siladick\u00e1 11, Z\u00e1lesie, 900 28, I\u010cO: 44221061, zap\u00edsan\u00e1 v obchodnom registri Okresn\u00e9ho s\u00fadu Bratislava I, oddiel: Sro, vlo\u017eka \u010d.: 52911\/b (\u010falej\u2026","rel":"","context":"Podobn\u00fd pr\u00edspevok","block_context":{"text":"Podobn\u00fd pr\u00edspevok","link":""},"img":{"alt_text":"","src":"","width":0,"height":0},"classes":[]},{"id":87,"url":"http:\/\/www.najakcia.sk\/?page_id=87","url_meta":{"origin":55,"position":2},"title":"Reklam\u00e1cia","author":"admin","date":"6 apr\u00edla, 2018","format":false,"excerpt":"Reklama\u010dn\u00fd poriadok (zodpovednos\u0165 za vady, z\u00e1ruka, reklam\u00e1cie) 8.1. V\u0161etky z\u00e1ru\u010dn\u00e9 reklam\u00e1cie, kde sa z\u00e1vada prejav\u00ed do 30 dn\u00ed od prevzatia tovaru rie\u0161ime v\u00fdmenou tovaru za nov\u00fd kus. Pokia\u013e tovar nie je v dan\u00fd moment na sklade, bude V\u00e1m v najkrat\u0161om mo\u017enom term\u00edne objednan\u00fd alebo V\u00e1m umo\u017en\u00edme v\u00fdber in\u00e9ho tovaru v\u2026","rel":"","context":"Podobn\u00fd pr\u00edspevok","block_context":{"text":"Podobn\u00fd pr\u00edspevok","link":""},"img":{"alt_text":"","src":"","width":0,"height":0},"classes":[]},{"id":90,"url":"http:\/\/www.najakcia.sk\/?page_id=90","url_meta":{"origin":55,"position":3},"title":"Ochrana osobn\u00fdch \u00fadajov","author":"admin","date":"6 apr\u00edla, 2018","format":false,"excerpt":"Osobn\u00e9 \u00fadaje a\u00a0ich ochrana 9.1. Zmluvn\u00e9 strany sa dohodli, \u017ee kupuj\u00faci v\u00a0pr\u00edpade, \u017ee je fyzickou osobou je povinn\u00fd ozn\u00e1mi\u0165 pred\u00e1vaj\u00facemu svoje meno a\u00a0priezvisko, adresu trval\u00e9ho bydliska vr\u00e1tane PS\u010c, \u010d\u00edslo telef\u00f3nu a\u00a0mailov\u00fa adresu. 9.2. Zmluvn\u00e9 strany sa dohodli, \u017ee kupuj\u00faci v\u00a0pr\u00edpade, \u017ee je pr\u00e1vnickou osobou je povinn\u00fd ozn\u00e1mi\u0165 pred\u00e1vaj\u00facemu svoje obchodn\u00e9\u2026","rel":"","context":"Podobn\u00fd pr\u00edspevok","block_context":{"text":"Podobn\u00fd pr\u00edspevok","link":""},"img":{"alt_text":"","src":"","width":0,"height":0},"classes":[]}],"_links":{"self":[{"href":"http:\/\/www.najakcia.sk\/index.php?rest_route=\/wp\/v2\/pages\/55"}],"collection":[{"href":"http:\/\/www.najakcia.sk\/index.php?rest_route=\/wp\/v2\/pages"}],"about":[{"href":"http:\/\/www.najakcia.sk\/index.php?rest_route=\/wp\/v2\/types\/page"}],"author":[{"embeddable":true,"href":"http:\/\/www.najakcia.sk\/index.php?rest_route=\/wp\/v2\/users\/1"}],"replies":[{"embeddable":true,"href":"http:\/\/www.najakcia.sk\/index.php?rest_route=%2Fwp%2Fv2%2Fcomments&post=55"}],"version-history":[{"count":8,"href":"http:\/\/www.najakcia.sk\/index.php?rest_route=\/wp\/v2\/pages\/55\/revisions"}],"predecessor-version":[{"id":126,"href":"http:\/\/www.najakcia.sk\/index.php?rest_route=\/wp\/v2\/pages\/55\/revisions\/126"}],"wp:attachment":[{"href":"http:\/\/www.najakcia.sk\/index.php?rest_route=%2Fwp%2Fv2%2Fmedia&parent=55"}],"curies":[{"name":"wp","href":"https:\/\/api.w.org\/{rel}","templated":true}]}}