{"id":90,"date":"2018-04-06T12:20:17","date_gmt":"2018-04-06T12:20:17","guid":{"rendered":"http:\/\/www.najakcia.sk\/?page_id=90"},"modified":"2018-04-06T12:20:17","modified_gmt":"2018-04-06T12:20:17","slug":"ochrana-osobnych-udajov","status":"publish","type":"page","link":"http:\/\/www.najakcia.sk\/?page_id=90","title":{"rendered":"Ochrana osobn\u00fdch \u00fadajov"},"content":{"rendered":"<p><strong>Osobn\u00e9 \u00fadaje a\u00a0ich ochrana<\/strong><\/p>\n<ul>\n<li><strong>9.1.<\/strong> Zmluvn\u00e9 strany sa dohodli, \u017ee kupuj\u00faci v\u00a0pr\u00edpade, \u017ee je fyzickou osobou je povinn\u00fd ozn\u00e1mi\u0165 pred\u00e1vaj\u00facemu svoje meno a\u00a0priezvisko, adresu trval\u00e9ho bydliska vr\u00e1tane PS\u010c, \u010d\u00edslo telef\u00f3nu a\u00a0mailov\u00fa adresu.<\/li>\n<li><strong>9.2.<\/strong> Zmluvn\u00e9 strany sa dohodli, \u017ee kupuj\u00faci v\u00a0pr\u00edpade, \u017ee je pr\u00e1vnickou osobou je povinn\u00fd ozn\u00e1mi\u0165 pred\u00e1vaj\u00facemu svoje obchodn\u00e9 meno, adresu s\u00eddla vr\u00e1tane PS\u010c, I\u010cO, \u010d\u00edslo telef\u00f3nu a\u00a0mailov\u00fa adresu.<\/li>\n<li><strong>9.3.<\/strong> Kupuj\u00faci uzavret\u00edm k\u00fapnej zmluvy vyhlasuje, \u017ee s\u00fahlas\u00ed v\u00a0zmysle ust. \u00a7 7 ods. 1 z\u00e1kona \u010d. 428\/2002 Z.z. o\u00a0ochrane osobn\u00fdch \u00fadajov v\u00a0znen\u00ed neskor\u0161\u00edch predpisov (\u010falej len \u201eZnOO\u00da\u201c), aby pred\u00e1vaj\u00faci spracoval a\u00a0uschov\u00e1val jeho osobn\u00e9 \u00fadaje, najm\u00e4 tie, ktor\u00e9 s\u00fa uveden\u00e9 vy\u0161\u0161ie a\/alebo ktor\u00e9 s\u00fa potrebn\u00e9 pri \u010dinnosti pred\u00e1vaj\u00faceho a\u00a0spracov\u00e1val ich vo v\u0161etk\u00fdch svojich informa\u010dn\u00fdch syst\u00e9moch. Kupuj\u00faci z\u00e1rove\u0148 poskytuje pred\u00e1vaj\u00facemu svoj s\u00fahlas s\u00a0poskytnut\u00edm osobn\u00fdch \u00fadajov inej osobe. Pred\u00e1vaj\u00faci sa zav\u00e4zuje, \u017ee bude s\u00a0osobn\u00fdmi \u00fadajmi kupuj\u00faceho zaobch\u00e1dza\u0165 a\u00a0naklada\u0165 v\u00a0s\u00falade s\u00a0platn\u00fdmi pr\u00e1vnymi predpismi SR. Kupuj\u00faci ude\u013euje pred\u00e1vaj\u00facemu tento s\u00fahlas na dobu ur\u010dit\u00fa do splnenia \u00fa\u010delu sprac\u00favania osobn\u00fdch \u00fadajov kupuj\u00faceho. \u00a0S\u00fahlas so spracovan\u00edm osobn\u00fdch \u00fadajov m\u00f4\u017ee kupuj\u00faci odvola\u0165 kedyko\u013evek p\u00edsomnou formou.<\/li>\n<li><strong>9.4.<\/strong> Pred\u00e1vaj\u00faci vyhlasuje, \u017ee v\u00a0s\u00falade s ust. \u00a7 6 ods. 1 p\u00edsm. c) ZnOO\u00da osobn\u00e9 \u00fadaje bude z\u00edskava\u0165 v\u00fdlu\u010dne na \u00fa\u010del uzavretia k\u00fapnej zmluvy medzi pred\u00e1vaj\u00facim a\u00a0kupuj\u00facim.<\/li>\n<li><strong>9.5.<\/strong> Pred\u00e1vaj\u00faci vyhlasuje, \u017ee v\u00a0s\u00falade s ust. \u00a7 6 ods. 1 p\u00edsm. e) ZnOO\u00da bude z\u00edskava\u0165 osobn\u00e9 \u00fadaje na in\u00e9 \u00fa\u010dely ako s\u00fa uveden\u00e9 v\u00a0bode 9.5. ORP osobitne a zabezpe\u010d\u00ed, aby sa osobn\u00e9 \u00fadaje sprac\u00favali a vyu\u017e\u00edvali v\u00fdlu\u010dne sp\u00f4sobom, ktor\u00fd zodpoved\u00e1 \u00fa\u010delu, na ktor\u00fd boli zhroma\u017eden\u00e9 a\u00a0\u017ee ich nebude zdru\u017eova\u0165 s osobn\u00fdmi \u00fadajmi, ktor\u00e9 boli z\u00edskan\u00e9 na in\u00e9 \u00fa\u010dely.<\/li>\n<li><strong>9.6.<\/strong> Pred\u00e1vaj\u00faci vyhlasuje, \u017ee v\u00a0s\u00falade s ust \u00a7 6 ods. 1 p\u00edsm. i) ZnOO\u00da bude sprac\u00fava\u0165 osobn\u00e9 \u00fadaje v s\u00falade s dobr\u00fdmi mravmi a\u00a0bude kona\u0165 sp\u00f4sobom, ktor\u00fd neodporuje ZnOO\u00da ani in\u00fdm v\u0161eobecne z\u00e1v\u00e4zn\u00fdm pr\u00e1vnym predpisom a ani ich nebude obch\u00e1dza\u0165. Pred\u00e1vaj\u00faci vyhlasuje, \u017ee s\u00fahlas dotknutej osoby si nebude vynucova\u0165 a ani podmie\u0148ova\u0165 hrozbou odmietnutia zmluvn\u00e9ho vz\u0165ahu, slu\u017eby, tovaru alebo povinnosti ustanovenej pred\u00e1vaj\u00facemu.<\/li>\n<li><strong>9.7.<\/strong> Kupuj\u00faci m\u00e1 pr\u00e1vo na z\u00e1klade p\u00edsomnej \u017eiadosti od pred\u00e1vaj\u00faceho vy\u017eadova\u0165:\n<ul>\n<li>vo v\u0161eobecne zrozumite\u013enej forme inform\u00e1cie o stave sprac\u00favania svojich osobn\u00fdch \u00fadajov v informa\u010dnom syst\u00e9me v rozsahu pod\u013ea \u00a7 26 ods. 3 ZnOO\u00da; pri vydan\u00ed rozhodnutia pod\u013ea odseku 4 p\u00edsm. b) ZnOO\u00da je kupuj\u00faci opr\u00e1vnen\u00fd obozn\u00e1mi\u0165 sa s postupom sprac\u00favania a vyhodnocovania oper\u00e1ci\u00ed,<\/li>\n<li>vo v\u0161eobecne zrozumite\u013enej forme presn\u00e9 inform\u00e1cie o zdroji, z ktor\u00e9ho z\u00edskal jej osobn\u00e9 \u00fadaje na sprac\u00favanie,<\/li>\n<li>vo v\u0161eobecne zrozumite\u013enej forme odpis jej osobn\u00fdch \u00fadajov, ktor\u00e9 s\u00fa predmetom sprac\u00favania,<\/li>\n<li>opravu jej nespr\u00e1vnych, ne\u00fapln\u00fdch alebo neaktu\u00e1lnych osobn\u00fdch \u00fadajov, ktor\u00e9 s\u00fa predmetom sprac\u00favania,<\/li>\n<li>likvid\u00e1ciu jej osobn\u00fdch \u00fadajov, ak bol splnen\u00fd \u00fa\u010del ich sprac\u00favania pod\u013ea \u00a7 13 ods. 1 ZnOO\u00da; ak s\u00fa predmetom sprac\u00favania \u00faradn\u00e9 doklady obsahuj\u00face osobn\u00e9 \u00fadaje, m\u00f4\u017ee po\u017eiada\u0165 o ich vr\u00e1tenie,<\/li>\n<li>likvid\u00e1ciu jeho osobn\u00fdch \u00fadajov, ktor\u00e9 s\u00fa predmetom sprac\u00favania, ak do\u0161lo k poru\u0161eniu z\u00e1kona.<\/li>\n<\/ul>\n<\/li>\n<li><strong>9.8.<\/strong> Pr\u00e1vo kupuj\u00faceho mo\u017eno obmedzi\u0165 len pod\u013ea odseku 1 p\u00edsm. d) a e) ZnOO\u00da, ak tak\u00e9to obmedzenie vypl\u00fdva z osobitn\u00e9ho z\u00e1kona alebo jeho uplatnen\u00edm by bola poru\u0161en\u00e1 ochrana kupuj\u00faceho, alebo by boli poru\u0161en\u00e9 pr\u00e1va a slobody in\u00fdch os\u00f4b.<\/li>\n<li><strong>9.9.<\/strong> Kupuj\u00faci na z\u00e1klade bezplatnej p\u00edsomnej \u017eiadosti m\u00e1 pr\u00e1vo u pred\u00e1vaj\u00faceho namieta\u0165 vo\u010di\n<ul>\n<li>sprac\u00favaniu jeho osobn\u00fdch \u00fadajov, o ktor\u00fdch predpoklad\u00e1, \u017ee s\u00fa alebo bud\u00fa sprac\u00favan\u00e9 na \u00fa\u010dely priameho marketingu bez jeho s\u00fahlasu a \u017eiada\u0165 ich likvid\u00e1ciu,<\/li>\n<li>vyu\u017e\u00edvaniu osobn\u00fdch \u00fadajov uveden\u00fdch v \u00a7 7 ods. 4 p\u00edsm. d) 9.8.na \u00fa\u010dely priameho marketingu v po\u0161tovom styku, alebo<\/li>\n<li>poskytovaniu osobn\u00fdch \u00fadajov uveden\u00fdch v \u00a7 7 ods. 4 p\u00edsm. d) 9.8.na \u00fa\u010dely priameho marketingu.<\/li>\n<\/ul>\n<\/li>\n<li><strong>9.10.<\/strong> Kupuj\u00faci na z\u00e1klade bezplatnej p\u00edsomnej \u017eiadosti alebo osobne, ak vec neznesie odklad, m\u00e1 pr\u00e1vo u pred\u00e1vaj\u00faceho kedyko\u013evek namieta\u0165\n<ul>\n<li>vo\u010di sprac\u00favaniu osobn\u00fdch \u00fadajov v pr\u00edpadoch pod\u013ea \u00a7 7 ods. 4 p\u00edsm. a), e), f) alebo g) ZnOO\u00da vysloven\u00edm opr\u00e1vnen\u00fdch d\u00f4vodov alebo predlo\u017een\u00edm d\u00f4kazov o neopr\u00e1vnenom zasahovan\u00ed do jeho pr\u00e1v a pr\u00e1vom chr\u00e1nen\u00fdch z\u00e1ujmov, ktor\u00e9 s\u00fa alebo m\u00f4\u017eu by\u0165 v konkr\u00e9tnom pr\u00edpade tak\u00fdmto sprac\u00favan\u00edm osobn\u00fdch \u00fadajov po\u0161koden\u00e9; ak tomu nebr\u00e1nia z\u00e1konn\u00e9 d\u00f4vody a preuk\u00e1\u017ee sa, \u017ee n\u00e1mietka kupuj\u00faceho je opr\u00e1vnen\u00e1, pred\u00e1vaj\u00faci je povinn\u00fd osobn\u00e9 \u00fadaje, ktor\u00fdch sprac\u00favanie kupuj\u00faci namietal, bez zbyto\u010dn\u00e9ho odkladu blokova\u0165 a zlikvidova\u0165 ihne\u010f, ako to okolnosti dovolia,<\/li>\n<li>a nepodrobi\u0165 sa rozhodnutiu pred\u00e1vaj\u00faceho, ktor\u00e9 by malo pre \u0148u pr\u00e1vne \u00fa\u010dinky alebo v\u00fdznamn\u00fd dosah, ak sa tak\u00e9to rozhodnutie vyd\u00e1 v\u00fdlu\u010dne na z\u00e1klade \u00fakonov automatizovan\u00e9ho sprac\u00favania jeho osobn\u00fdch \u00fadajov. Kupuj\u00faci m\u00e1 pr\u00e1vo \u017eiada\u0165 pred\u00e1vaj\u00faceho o presk\u00famanie vydan\u00e9ho rozhodnutia met\u00f3dou odli\u0161nou od automatizovanej formy sprac\u00favania, pri\u010dom pred\u00e1vaj\u00faci je povinn\u00fd \u017eiadosti kupuj\u00faceho vyhovie\u0165, a to tak, \u017ee rozhoduj\u00facu \u00falohu pri presk\u00faman\u00ed rozhodnutia bude ma\u0165 opr\u00e1vnen\u00e1 osoba; o sp\u00f4sobe presk\u00famania a v\u00fdsledku zistenia pred\u00e1vaj\u00faci informuje kupuj\u00faceho v lehote pod\u013ea \u00a7 21 ods. 3 ZnOO\u00da. Kupuj\u00faci nem\u00e1 toto pr\u00e1vo iba v pr\u00edpade, ak to ustanovuje osobitn\u00fd z\u00e1kon, v ktorom s\u00fa opatrenia na zabezpe\u010denie opr\u00e1vnen\u00fdch z\u00e1ujmov kupuj\u00faceho, alebo ak rozhodnutie bolo prijat\u00e9 v priebehu uzatv\u00e1rania alebo plnenia zmluvy uzatv\u00e1ranej medzi pred\u00e1vaj\u00facim a kupuj\u00facim za predpokladu, \u017ee sa vyhovelo po\u017eiadavke kupuj\u00facedho, ktor\u00e1 je obsahom zmluvy, alebo kupuj\u00facemu bolo na z\u00e1klade dohody udelen\u00e9 pr\u00e1vo kedyko\u013evek po\u010das platnosti zmluvy uplatni\u0165 svoj n\u00e1zor.<\/li>\n<\/ul>\n<\/li>\n<\/ul>\n<p>Kupuj\u00faci pri podozren\u00ed, \u017ee jeho osobn\u00e9 \u00fadaje sa neopr\u00e1vnene sprac\u00favaj\u00fa, m\u00f4\u017ee poda\u0165 o tom ozn\u00e1menie \u00daradu ma ochranu osobn\u00fdch \u00fadajov. Ak kupuj\u00faci nem\u00e1 sp\u00f4sobilos\u0165 na pr\u00e1vne \u00fakony v plnom rozsahu, jeho pr\u00e1va m\u00f4\u017ee uplatni\u0165 z\u00e1konn\u00fd z\u00e1stupca. Ak kupuj\u00faci ne\u017eije, jeho pr\u00e1va, ktor\u00e9 mala pod\u013ea ZnOO\u00da m\u00f4\u017ee uplatni\u0165 bl\u00edzka osoba. Po\u017eiadavky kupuj\u00faceho pod\u013ea \u00a7 20 ods. 1 p\u00edsm. a), d) a\u017e f) ZnOO\u00da spln\u00ed pred\u00e1vaj\u00faci bezplatne. Inform\u00e1cie pod\u013ea \u00a7 20 ods. 1 p\u00edsm. b) a c) ZnOO\u00da pred\u00e1vaj\u00faci poskytne kupuj\u00facemu bezplatne s v\u00fdnimkou \u00fahrady vo v\u00fd\u0161ke, ktor\u00e1 nesmie prekro\u010di\u0165 v\u00fd\u0161ku materi\u00e1lnych n\u00e1kladov spojen\u00fdch so zhotoven\u00edm k\u00f3pi\u00ed, so zadov\u00e1\u017een\u00edm technick\u00fdch nosi\u010dov a s odoslan\u00edm inform\u00e1cie kupuj\u00facemu, ak osobitn\u00fd z\u00e1kon neustanovuje inak. Pred\u00e1vaj\u00faci vyhovie po\u017eiadavk\u00e1m kupuj\u00faceho pod\u013ea \u00a7 20 ZnOO\u00da a p\u00edsomne ju informuje najneskor\u0161ie do 30 dn\u00ed od ich prijatia. Obmedzenie pr\u00e1v kupuj\u00faceho pod\u013ea \u00a7 20 ods. 1 p\u00edsm. d) a e) ZnOO\u00da pred\u00e1vaj\u00faci bezodkladne p\u00edsomne ozn\u00e1mi dotknutej osobe a \u00faradu.<\/p>\n","protected":false},"excerpt":{"rendered":"<p>Osobn\u00e9 \u00fadaje a\u00a0ich ochrana 9.1. Zmluvn\u00e9 strany sa dohodli, \u017ee kupuj\u00faci v\u00a0pr\u00edpade, \u017ee je fyzickou osobou je povinn\u00fd ozn\u00e1mi\u0165 pred\u00e1vaj\u00facemu svoje meno a\u00a0priezvisko, adresu trval\u00e9ho bydliska vr\u00e1tane PS\u010c, \u010d\u00edslo telef\u00f3nu a\u00a0mailov\u00fa adresu. 9.2. Zmluvn\u00e9 strany sa dohodli, \u017ee kupuj\u00faci v\u00a0pr\u00edpade, \u017ee je pr\u00e1vnickou osobou je povinn\u00fd ozn\u00e1mi\u0165 pred\u00e1vaj\u00facemu svoje obchodn\u00e9 meno, adresu s\u00eddla vr\u00e1tane PS\u010c, I\u010cO, \u010d\u00edslo telef\u00f3nu a\u00a0mailov\u00fa adresu. 9.3. Kupuj\u00faci uzavret\u00edm k\u00fapnej zmluvy vyhlasuje, \u017ee s\u00fahlas\u00ed v\u00a0zmysle ust. \u00a7 7 ods. 1 z\u00e1kona \u010d. 428\/2002 Z.z. o\u00a0ochrane osobn\u00fdch \u00fadajov v\u00a0znen\u00ed neskor\u0161\u00edch predpisov (\u010falej len \u201eZnOO\u00da\u201c), aby pred\u00e1vaj\u00faci spracoval&hellip;<\/p>\n","protected":false},"author":1,"featured_media":0,"parent":0,"menu_order":0,"comment_status":"closed","ping_status":"closed","template":"","meta":{"jetpack_post_was_ever_published":false,"footnotes":""},"jetpack_sharing_enabled":true,"jetpack_shortlink":"https:\/\/wp.me\/P9Oc4Q-1s","jetpack-related-posts":[{"id":84,"url":"http:\/\/www.najakcia.sk\/?page_id=84","url_meta":{"origin":90,"position":0},"title":"Obchodn\u00e9 podmienky","author":"admin","date":"6 apr\u00edla, 2018","format":false,"excerpt":"V\u0161eobecn\u00e9 ustanovenia 1.1. Tieto v\u0161eobecn\u00e9 obchodn\u00e9 podmienky (\u010falej len \u201eVOP\u201c) \u00a0upravuj\u00fa pr\u00e1va a\u00a0povinnosti zmluvn\u00fdch str\u00e1n vypl\u00fdvaj\u00face z k\u00fapnej zmluvy uzatvorenej medzi pred\u00e1vaj\u00facim, ktor\u00fdm je spolo\u010dnost AMNET s.r.o., so s\u00eddlom Siladick\u00e1 11, Z\u00e1lesie, 900 28, I\u010cO: 44221061, zap\u00edsan\u00e1 v obchodnom registri Okresn\u00e9ho s\u00fadu Bratislava I, oddiel: Sro, vlo\u017eka \u010d.: 52911\/b (\u010falej\u2026","rel":"","context":"Podobn\u00fd pr\u00edspevok","block_context":{"text":"Podobn\u00fd pr\u00edspevok","link":""},"img":{"alt_text":"","src":"","width":0,"height":0},"classes":[]},{"id":87,"url":"http:\/\/www.najakcia.sk\/?page_id=87","url_meta":{"origin":90,"position":1},"title":"Reklam\u00e1cia","author":"admin","date":"6 apr\u00edla, 2018","format":false,"excerpt":"Reklama\u010dn\u00fd poriadok (zodpovednos\u0165 za vady, z\u00e1ruka, reklam\u00e1cie) 8.1. V\u0161etky z\u00e1ru\u010dn\u00e9 reklam\u00e1cie, kde sa z\u00e1vada prejav\u00ed do 30 dn\u00ed od prevzatia tovaru rie\u0161ime v\u00fdmenou tovaru za nov\u00fd kus. Pokia\u013e tovar nie je v dan\u00fd moment na sklade, bude V\u00e1m v najkrat\u0161om mo\u017enom term\u00edne objednan\u00fd alebo V\u00e1m umo\u017en\u00edme v\u00fdber in\u00e9ho tovaru v\u2026","rel":"","context":"Podobn\u00fd pr\u00edspevok","block_context":{"text":"Podobn\u00fd pr\u00edspevok","link":""},"img":{"alt_text":"","src":"","width":0,"height":0},"classes":[]}],"_links":{"self":[{"href":"http:\/\/www.najakcia.sk\/index.php?rest_route=\/wp\/v2\/pages\/90"}],"collection":[{"href":"http:\/\/www.najakcia.sk\/index.php?rest_route=\/wp\/v2\/pages"}],"about":[{"href":"http:\/\/www.najakcia.sk\/index.php?rest_route=\/wp\/v2\/types\/page"}],"author":[{"embeddable":true,"href":"http:\/\/www.najakcia.sk\/index.php?rest_route=\/wp\/v2\/users\/1"}],"replies":[{"embeddable":true,"href":"http:\/\/www.najakcia.sk\/index.php?rest_route=%2Fwp%2Fv2%2Fcomments&post=90"}],"version-history":[{"count":1,"href":"http:\/\/www.najakcia.sk\/index.php?rest_route=\/wp\/v2\/pages\/90\/revisions"}],"predecessor-version":[{"id":91,"href":"http:\/\/www.najakcia.sk\/index.php?rest_route=\/wp\/v2\/pages\/90\/revisions\/91"}],"wp:attachment":[{"href":"http:\/\/www.najakcia.sk\/index.php?rest_route=%2Fwp%2Fv2%2Fmedia&parent=90"}],"curies":[{"name":"wp","href":"https:\/\/api.w.org\/{rel}","templated":true}]}}