{"id":161,"date":"2018-04-20T11:37:36","date_gmt":"2018-04-20T11:37:36","guid":{"rendered":"http:\/\/www.najakcia.sk\/?post_type=product&#038;p=161"},"modified":"2026-04-08T07:58:06","modified_gmt":"2026-04-08T07:58:06","slug":"uv-lampa-16w","status":"publish","type":"product","link":"http:\/\/www.najakcia.sk\/?product=uv-lampa-16w","title":{"rendered":"UV lampa 16W"},"content":{"rendered":"","protected":false},"excerpt":{"rendered":"<p>T\u00e1to UV lampa je navrhnut\u00e1 pre baz\u00e9ny, aj pre z\u00e1hradn\u00e9 jazierka.<\/p>\n","protected":false},"featured_media":162,"comment_status":"open","ping_status":"closed","template":"","meta":{"jetpack_post_was_ever_published":false,"jetpack_publicize_message":"","jetpack_is_tweetstorm":false,"jetpack_publicize_feature_enabled":true,"jetpack_social_post_already_shared":true,"jetpack_social_options":{"image_generator_settings":{"template":"highway","enabled":false}}},"product_cat":[15],"product_tag":[],"jetpack_publicize_connections":[],"jetpack_sharing_enabled":true,"jetpack-related-posts":[{"id":164,"url":"http:\/\/www.najakcia.sk\/?product=uv-lampa-220w","url_meta":{"origin":161,"position":0},"title":"UV lampa 220W","author":"admin","date":"20 apr\u00edla, 2018","format":false,"excerpt":"T\u00e1to UV lampa je navrhnut\u00e1 pre baz\u00e9ny, aj pre z\u00e1hradn\u00e9 jazierka.","rel":"","context":"Podobn\u00fd pr\u00edspevok","block_context":{"text":"Podobn\u00fd pr\u00edspevok","link":""},"img":{"alt_text":"","src":"https:\/\/i0.wp.com\/www.najakcia.sk\/wp-content\/uploads\/2018\/04\/220W.png?fit=1200%2C365&resize=350%2C200","width":350,"height":200,"srcset":"https:\/\/i0.wp.com\/www.najakcia.sk\/wp-content\/uploads\/2018\/04\/220W.png?fit=1200%2C365&resize=350%2C200 1x, https:\/\/i0.wp.com\/www.najakcia.sk\/wp-content\/uploads\/2018\/04\/220W.png?fit=1200%2C365&resize=525%2C300 1.5x, https:\/\/i0.wp.com\/www.najakcia.sk\/wp-content\/uploads\/2018\/04\/220W.png?fit=1200%2C365&resize=700%2C400 2x, https:\/\/i0.wp.com\/www.najakcia.sk\/wp-content\/uploads\/2018\/04\/220W.png?fit=1200%2C365&resize=1050%2C600 3x"},"classes":[]},{"id":149,"url":"http:\/\/www.najakcia.sk\/?product=uv-lampa-30w","url_meta":{"origin":161,"position":1},"title":"UV lampa 30W","author":"admin","date":"9 apr\u00edla, 2018","format":false,"excerpt":"T\u00e1to UV lampa je navrhnut\u00e1 pre baz\u00e9ny, aj pre z\u00e1hradn\u00e9 jazierka. \u00a0 \u00a0","rel":"","context":"Podobn\u00fd pr\u00edspevok","block_context":{"text":"Podobn\u00fd pr\u00edspevok","link":""},"img":{"alt_text":"www.najakcia.sk","src":"https:\/\/i0.wp.com\/www.najakcia.sk\/wp-content\/uploads\/2018\/04\/30Wlampa.jpg?fit=1200%2C684&resize=350%2C200","width":350,"height":200,"srcset":"https:\/\/i0.wp.com\/www.najakcia.sk\/wp-content\/uploads\/2018\/04\/30Wlampa.jpg?fit=1200%2C684&resize=350%2C200 1x, https:\/\/i0.wp.com\/www.najakcia.sk\/wp-content\/uploads\/2018\/04\/30Wlampa.jpg?fit=1200%2C684&resize=525%2C300 1.5x, https:\/\/i0.wp.com\/www.najakcia.sk\/wp-content\/uploads\/2018\/04\/30Wlampa.jpg?fit=1200%2C684&resize=700%2C400 2x, https:\/\/i0.wp.com\/www.najakcia.sk\/wp-content\/uploads\/2018\/04\/30Wlampa.jpg?fit=1200%2C684&resize=1050%2C600 3x"},"classes":[]}],"_links":{"self":[{"href":"http:\/\/www.najakcia.sk\/index.php?rest_route=\/wp\/v2\/product\/161"}],"collection":[{"href":"http:\/\/www.najakcia.sk\/index.php?rest_route=\/wp\/v2\/product"}],"about":[{"href":"http:\/\/www.najakcia.sk\/index.php?rest_route=\/wp\/v2\/types\/product"}],"replies":[{"embeddable":true,"href":"http:\/\/www.najakcia.sk\/index.php?rest_route=%2Fwp%2Fv2%2Fcomments&post=161"}],"wp:featuredmedia":[{"embeddable":true,"href":"http:\/\/www.najakcia.sk\/index.php?rest_route=\/wp\/v2\/media\/162"}],"wp:attachment":[{"href":"http:\/\/www.najakcia.sk\/index.php?rest_route=%2Fwp%2Fv2%2Fmedia&parent=161"}],"wp:term":[{"taxonomy":"product_cat","embeddable":true,"href":"http:\/\/www.najakcia.sk\/index.php?rest_route=%2Fwp%2Fv2%2Fproduct_cat&post=161"},{"taxonomy":"product_tag","embeddable":true,"href":"http:\/\/www.najakcia.sk\/index.php?rest_route=%2Fwp%2Fv2%2Fproduct_tag&post=161"}],"curies":[{"name":"wp","href":"https:\/\/api.w.org\/{rel}","templated":true}]}}